{"id":6234,"date":"2019-06-18T14:46:32","date_gmt":"2019-06-18T13:46:32","guid":{"rendered":"https:\/\/springprize.org\/?page_id=6234"},"modified":"2019-06-18T14:49:58","modified_gmt":"2019-06-18T13:49:58","slug":"gagnants-2019","status":"publish","type":"page","link":"https:\/\/springprize.org\/fr\/gagnants-2019\/","title":{"rendered":"Gagnants 2019"},"content":{"rendered":"<p>Le Prix 2019 a r\u00e9compens\u00e9 11 gagnants en provenance de 9 pays diff\u00e9rent.<\/p>\n<p>&nbsp;<br \/>\n<strong>Les Prix des meilleurs projets en r\u00e9flexion<\/strong> (10 000 \u00a3 chacun) sont all\u00e9s \u00e0 quatre nouveaux projets en d\u00e9veloppement :<br \/>\n<a href=\"https:\/\/springprize.org\/fr\/shortlisted\/apthapi-comunidades-del-vivir-bien\/\">Apthapi Comunidades del Vivir Bien<\/a> (Bolivie)<br \/>\n<a href=\"https:\/\/springprize.org\/fr\/shortlisted\/laboratorio-sicilia-2030\/\">Laboratorio Sicilia 2030<\/a> (Italie)<br \/>\n<a href=\"https:\/\/springprize.org\/fr\/shortlisted\/ripanu\/\">Ripanu<\/a> (\u00c9quateur)<br \/>\n<a href=\"https:\/\/springprize.org\/fr\/shortlisted\/verdegaia\/\">Verdegaia<\/a> (Espagne)<\/p>\n<p><strong>Les prix Jeunes Projets<\/strong> (20 000 \u00a3 chacun) ont \u00e9t\u00e9 remis \u00e0 trois projets cr\u00e9\u00e9s il y a moins de 5 ans :<br \/>\n<a href=\"https:\/\/springprize.org\/fr\/shortlisted\/alianza-ceibo\/\">Alianza Ceibo<\/a> (\u00c9quateur)<br \/>\n<a href=\"https:\/\/springprize.org\/fr\/shortlisted\/diritti-a-sud\/\">Sfruttazero (Diritti a Sud)<\/a> (Italie)<br \/>\n<a href=\"https:\/\/springprize.org\/fr\/shortlisted\/yice-uganda\/\">YICE Uganda<\/a> (Ouganda)<\/p>\n<p><strong>Les prix des meilleurs Projets \u00e9tablis<\/strong> (25 000 \u00a3 chacun) ont \u00e9t\u00e9 d\u00e9cern\u00e9s \u00e0 deux organisations consid\u00e9r\u00e9s comme des chefs de file de la r\u00e9g\u00e9n\u00e9ration ayant r\u00e9sist\u00e9 \u00e0 l\u2019\u00e9preuve du temps :<br \/>\n<a href=\"https:\/\/springprize.org\/fr\/shortlisted\/guba\/\">Guba<\/a> (Swaziland)<br \/>\n<a href=\"https:\/\/springprize.org\/fr\/shortlisted\/inso\/\">INSO<\/a> (Mexique)<\/p>\n<p><strong>Le prix d\u2019Influence<\/strong>. Il y a deux laur\u00e9ats qui ont re\u00e7u chacun 25 000 \u00a3.:<br \/>\n<a href=\"https:\/\/springprize.org\/fr\/shortlisted\/ecolise\/\">ECOLISE<\/a> (France \/ Europe)<br \/>\n<a href=\"https:\/\/springprize.org\/fr\/shortlisted\/zimbabwe-smallholder-organic-farmers-forum-zimsoff\/\">Zimbabwe Smallholder Organic Farmers Forum (ZIMSOFF)<\/a> (Zimbabwe)<\/p>\n<p>&nbsp;<\/p>\n<p><img decoding=\"async\" src=\"data:image\/gif;base64,R0lGODlhAQABAAAAACH5BAEKAAEALAAAAAABAAEAAAICTAEAOw==\" alt=\"photo\" width=\"750\" height=\"auto\" class=\"img-responsive alignnone lazyload\" data-src=\"\/wp\/wp-content\/uploads\/2019\/05\/Lush-Spring-Prize-Winners-2019.jpg\"><\/p>\n<h5>Photo des laur\u00e9ats de notre prix 2019.<\/h5>\n<p>&nbsp;<\/p>\n","protected":false},"excerpt":{"rendered":"<p>Le Prix 2019 a r\u00e9compens\u00e9 11 gagnants en provenance de 9 pays diff\u00e9rent. &nbsp; Les Prix des meilleurs projets en r\u00e9flexion (10 000 \u00a3 chacun) sont all\u00e9s \u00e0 quatre nouveaux projets en d\u00e9veloppement : Apthapi Comunidades del Vivir Bien (Bolivie) Laboratorio Sicilia 2030 (Italie) Ripanu (\u00c9quateur) Verdegaia (Espagne) Les prix Jeunes Projets (20 000 \u00a3 [&hellip;]<\/p>\n","protected":false},"author":1,"featured_media":0,"parent":0,"menu_order":0,"comment_status":"closed","ping_status":"closed","template":"page-sidebar-content.php","meta":{"_acf_changed":false,"footnotes":""},"class_list":["post-6234","page","type-page","status-publish","hentry"],"acf":[],"yoast_head":"<!-- This site is optimized with the Yoast SEO plugin v27.5 - https:\/\/yoast.com\/product\/yoast-seo-wordpress\/ -->\n<title>Gagnants 2019 - Lush Spring Prize<\/title>\n<meta name=\"description\" content=\"Le Prix 2019 a r\u00e9compens\u00e9 11 gagnants en provenance de 9 pays diff\u00e9rent.\" \/>\n<meta name=\"robots\" content=\"index, follow, max-snippet:-1, max-image-preview:large, max-video-preview:-1\" \/>\n<link rel=\"canonical\" href=\"https:\/\/springprize.org\/fr\/gagnants-2019\/\" \/>\n<meta property=\"og:locale\" content=\"fr_FR\" \/>\n<meta property=\"og:type\" content=\"article\" \/>\n<meta property=\"og:title\" content=\"Gagnants 2019 - Lush Spring Prize\" \/>\n<meta property=\"og:description\" content=\"Le Prix 2019 a r\u00e9compens\u00e9 11 gagnants en provenance de 9 pays diff\u00e9rent.\" \/>\n<meta property=\"og:url\" content=\"https:\/\/springprize.org\/fr\/gagnants-2019\/\" \/>\n<meta property=\"og:site_name\" content=\"Lush Spring Prize\" \/>\n<meta property=\"article:publisher\" content=\"https:\/\/www.facebook.com\/lushspringprize\/\" \/>\n<meta property=\"article:modified_time\" content=\"2019-06-18T13:49:58+00:00\" \/>\n<meta property=\"og:image\" content=\"https:\/\/springprize.org\/wp-content\/uploads\/2021\/01\/Lush_Spring_Prize_500-1.jpg\" \/>\n\t<meta property=\"og:image:width\" content=\"500\" \/>\n\t<meta property=\"og:image:height\" content=\"500\" \/>\n\t<meta property=\"og:image:type\" content=\"image\/jpeg\" \/>\n<meta name=\"twitter:card\" content=\"summary_large_image\" \/>\n<meta name=\"twitter:site\" content=\"@lushspringprize\" \/>\n<meta name=\"twitter:label1\" content=\"Dur\u00e9e de lecture estim\u00e9e\" \/>\n\t<meta name=\"twitter:data1\" content=\"1 minute\" \/>\n<script type=\"application\/ld+json\" class=\"yoast-schema-graph\">{\"@context\":\"https:\\\/\\\/schema.org\",\"@graph\":[{\"@type\":\"WebPage\",\"@id\":\"https:\\\/\\\/springprize.org\\\/fr\\\/gagnants-2019\\\/\",\"url\":\"https:\\\/\\\/springprize.org\\\/fr\\\/gagnants-2019\\\/\",\"name\":\"Gagnants 2019 - Lush Spring Prize\",\"isPartOf\":{\"@id\":\"https:\\\/\\\/springprize.org\\\/fr\\\/#website\"},\"datePublished\":\"2019-06-18T13:46:32+00:00\",\"dateModified\":\"2019-06-18T13:49:58+00:00\",\"description\":\"Le Prix 2019 a r\u00e9compens\u00e9 11 gagnants en provenance de 9 pays diff\u00e9rent.\",\"breadcrumb\":{\"@id\":\"https:\\\/\\\/springprize.org\\\/fr\\\/gagnants-2019\\\/#breadcrumb\"},\"inLanguage\":\"fr-FR\",\"potentialAction\":[{\"@type\":\"ReadAction\",\"target\":[\"https:\\\/\\\/springprize.org\\\/fr\\\/gagnants-2019\\\/\"]}]},{\"@type\":\"BreadcrumbList\",\"@id\":\"https:\\\/\\\/springprize.org\\\/fr\\\/gagnants-2019\\\/#breadcrumb\",\"itemListElement\":[{\"@type\":\"ListItem\",\"position\":1,\"name\":\"Home\",\"item\":\"https:\\\/\\\/springprize.org\\\/fr\\\/\"},{\"@type\":\"ListItem\",\"position\":2,\"name\":\"Gagnants 2019\"}]},{\"@type\":\"WebSite\",\"@id\":\"https:\\\/\\\/springprize.org\\\/fr\\\/#website\",\"url\":\"https:\\\/\\\/springprize.org\\\/fr\\\/\",\"name\":\"Lush Spring Prize\",\"description\":\"For social and environmental regeneration\",\"publisher\":{\"@id\":\"https:\\\/\\\/springprize.org\\\/fr\\\/#organization\"},\"potentialAction\":[{\"@type\":\"SearchAction\",\"target\":{\"@type\":\"EntryPoint\",\"urlTemplate\":\"https:\\\/\\\/springprize.org\\\/fr\\\/?s={search_term_string}\"},\"query-input\":{\"@type\":\"PropertyValueSpecification\",\"valueRequired\":true,\"valueName\":\"search_term_string\"}}],\"inLanguage\":\"fr-FR\"},{\"@type\":\"Organization\",\"@id\":\"https:\\\/\\\/springprize.org\\\/fr\\\/#organization\",\"name\":\"Lush Spring Prize\",\"url\":\"https:\\\/\\\/springprize.org\\\/fr\\\/\",\"logo\":{\"@type\":\"ImageObject\",\"inLanguage\":\"fr-FR\",\"@id\":\"https:\\\/\\\/springprize.org\\\/fr\\\/#\\\/schema\\\/logo\\\/image\\\/\",\"url\":\"https:\\\/\\\/springprize.org\\\/wp-content\\\/uploads\\\/2021\\\/01\\\/Lush_Spring_Prize_500-1.jpg\",\"contentUrl\":\"https:\\\/\\\/springprize.org\\\/wp-content\\\/uploads\\\/2021\\\/01\\\/Lush_Spring_Prize_500-1.jpg\",\"width\":500,\"height\":500,\"caption\":\"Lush Spring Prize\"},\"image\":{\"@id\":\"https:\\\/\\\/springprize.org\\\/fr\\\/#\\\/schema\\\/logo\\\/image\\\/\"},\"sameAs\":[\"https:\\\/\\\/www.facebook.com\\\/lushspringprize\\\/\",\"https:\\\/\\\/x.com\\\/lushspringprize\"]}]}<\/script>\n<!-- \/ Yoast SEO plugin. -->","yoast_head_json":{"title":"Gagnants 2019 - Lush Spring Prize","description":"Le Prix 2019 a r\u00e9compens\u00e9 11 gagnants en provenance de 9 pays diff\u00e9rent.","robots":{"index":"index","follow":"follow","max-snippet":"max-snippet:-1","max-image-preview":"max-image-preview:large","max-video-preview":"max-video-preview:-1"},"canonical":"https:\/\/springprize.org\/fr\/gagnants-2019\/","og_locale":"fr_FR","og_type":"article","og_title":"Gagnants 2019 - Lush Spring Prize","og_description":"Le Prix 2019 a r\u00e9compens\u00e9 11 gagnants en provenance de 9 pays diff\u00e9rent.","og_url":"https:\/\/springprize.org\/fr\/gagnants-2019\/","og_site_name":"Lush Spring Prize","article_publisher":"https:\/\/www.facebook.com\/lushspringprize\/","article_modified_time":"2019-06-18T13:49:58+00:00","og_image":[{"width":500,"height":500,"url":"https:\/\/springprize.org\/wp-content\/uploads\/2021\/01\/Lush_Spring_Prize_500-1.jpg","type":"image\/jpeg"}],"twitter_card":"summary_large_image","twitter_site":"@lushspringprize","twitter_misc":{"Dur\u00e9e de lecture estim\u00e9e":"1 minute"},"schema":{"@context":"https:\/\/schema.org","@graph":[{"@type":"WebPage","@id":"https:\/\/springprize.org\/fr\/gagnants-2019\/","url":"https:\/\/springprize.org\/fr\/gagnants-2019\/","name":"Gagnants 2019 - Lush Spring Prize","isPartOf":{"@id":"https:\/\/springprize.org\/fr\/#website"},"datePublished":"2019-06-18T13:46:32+00:00","dateModified":"2019-06-18T13:49:58+00:00","description":"Le Prix 2019 a r\u00e9compens\u00e9 11 gagnants en provenance de 9 pays diff\u00e9rent.","breadcrumb":{"@id":"https:\/\/springprize.org\/fr\/gagnants-2019\/#breadcrumb"},"inLanguage":"fr-FR","potentialAction":[{"@type":"ReadAction","target":["https:\/\/springprize.org\/fr\/gagnants-2019\/"]}]},{"@type":"BreadcrumbList","@id":"https:\/\/springprize.org\/fr\/gagnants-2019\/#breadcrumb","itemListElement":[{"@type":"ListItem","position":1,"name":"Home","item":"https:\/\/springprize.org\/fr\/"},{"@type":"ListItem","position":2,"name":"Gagnants 2019"}]},{"@type":"WebSite","@id":"https:\/\/springprize.org\/fr\/#website","url":"https:\/\/springprize.org\/fr\/","name":"Lush Spring Prize","description":"For social and environmental regeneration","publisher":{"@id":"https:\/\/springprize.org\/fr\/#organization"},"potentialAction":[{"@type":"SearchAction","target":{"@type":"EntryPoint","urlTemplate":"https:\/\/springprize.org\/fr\/?s={search_term_string}"},"query-input":{"@type":"PropertyValueSpecification","valueRequired":true,"valueName":"search_term_string"}}],"inLanguage":"fr-FR"},{"@type":"Organization","@id":"https:\/\/springprize.org\/fr\/#organization","name":"Lush Spring Prize","url":"https:\/\/springprize.org\/fr\/","logo":{"@type":"ImageObject","inLanguage":"fr-FR","@id":"https:\/\/springprize.org\/fr\/#\/schema\/logo\/image\/","url":"https:\/\/springprize.org\/wp-content\/uploads\/2021\/01\/Lush_Spring_Prize_500-1.jpg","contentUrl":"https:\/\/springprize.org\/wp-content\/uploads\/2021\/01\/Lush_Spring_Prize_500-1.jpg","width":500,"height":500,"caption":"Lush Spring Prize"},"image":{"@id":"https:\/\/springprize.org\/fr\/#\/schema\/logo\/image\/"},"sameAs":["https:\/\/www.facebook.com\/lushspringprize\/","https:\/\/x.com\/lushspringprize"]}]}},"_links":{"self":[{"href":"https:\/\/springprize.org\/fr\/wp-json\/wp\/v2\/pages\/6234","targetHints":{"allow":["GET"]}}],"collection":[{"href":"https:\/\/springprize.org\/fr\/wp-json\/wp\/v2\/pages"}],"about":[{"href":"https:\/\/springprize.org\/fr\/wp-json\/wp\/v2\/types\/page"}],"author":[{"embeddable":true,"href":"https:\/\/springprize.org\/fr\/wp-json\/wp\/v2\/users\/1"}],"replies":[{"embeddable":true,"href":"https:\/\/springprize.org\/fr\/wp-json\/wp\/v2\/comments?post=6234"}],"version-history":[{"count":0,"href":"https:\/\/springprize.org\/fr\/wp-json\/wp\/v2\/pages\/6234\/revisions"}],"wp:attachment":[{"href":"https:\/\/springprize.org\/fr\/wp-json\/wp\/v2\/media?parent=6234"}],"curies":[{"name":"wp","href":"https:\/\/api.w.org\/{rel}","templated":true}]}}