{"id":10493,"date":"2022-07-19T19:13:01","date_gmt":"2022-07-19T18:13:01","guid":{"rendered":"https:\/\/springprize.org\/?page_id=10493"},"modified":"2024-07-18T15:40:01","modified_gmt":"2024-07-18T14:40:01","slug":"premiados-do-2021","status":"publish","type":"page","link":"https:\/\/springprize.org\/pt-pt\/premiados-do-2021\/","title":{"rendered":"Premiados do 2021"},"content":{"rendered":"<p>Os Pr\u00e9mios de Spring 2021 foram atribu\u00eddos em seis categorias: Pr\u00e9mio Intencional, Jovem, Estabelecido e Influ\u00eancia, um Pr\u00e9mio Juventude em Permacultura (realizado em parceria com a Abundant Earth Foundation) e um Pr\u00e9mio Sabedoria Ind\u00edgena e Anci\u00e3 (realizado em parceria com a Be The Earth Foundation); investindo mais de \u00a3220.000 em trabalho regenerativo.<\/p>\n<p>Quatro projetos rec\u00e9m desenvolvidos ganharam (40.000 libras esterlinas de premio)  <strong>o Pr\u00eamio Projetos Intencionais<\/strong> :<br \/>\n<a href=\"https:\/\/springprize.org\/shortlisted\/fundacion-cuidemos-paraisos\/\">Fundaci\u00f3n Cuidemos Para\u00edsos<\/a> (Chile)<br \/>\n<a href=\"https:\/\/springprize.org\/shortlisted\/permaqueer\/\">PermaQueer<\/a> (Austr\u00e1lia)<br \/>\n<a href=\"https:\/\/springprize.org\/shortlisted\/sacha-kuyrana-maltakuna-young-kichwa-defenders-of-the-forest-2\/\">Sacha Kuyrana Maltakuna \u2013 Young Kichwa Defenders of the Forest<\/a> (Equador)<br \/>\n<a href=\"https:\/\/springprize.org\/shortlisted\/the-mount-oku-centre-for-gender-and-socioeconomic-empowerment-mocgse\/\">The Mount Oku Centre for Gender and Socioeconomic Empowerment<\/a> (Camar\u00f5es)<\/p>\n<p><strong>O Pr\u00eamio Novos Projetos<\/strong> (60.000 libras esterlinas de premio) foi para quatro projetos com menos de 5 anos de exist\u00eancia:<br \/>\n<a href=\"https:\/\/springprize.org\/shortlisted\/comunita-frizzante\/\">Comunit\u00e0 Frizzante<\/a> (It\u00e1lia)<br \/>\n<a href=\"https:\/\/springprize.org\/shortlisted\/education-for-climate-action-for-peace-e4cap-2\/\">Education for Climate Action for Peace (E4CAP)<\/a> (Mal\u00e1sia)<br \/>\n<a href=\"https:\/\/springprize.org\/shortlisted\/food-secured-schools-africa\/\">Food Secured Schools Africa<\/a> (Eti\u00f3pia)<br \/>\n<a href=\"https:\/\/springprize.org\/shortlisted\/kenyan-peasants-league-kpl\/\">Kenyan Peasants League (KPL)<\/a> (Qu\u00eania)<\/p>\n<p><strong>O Pr\u00eamio Projetos Estabelecidos<\/strong> (50.000 libras esterlinas de premio) foi para duas organiza\u00e7\u00f5es j\u00e1 estabelecidas consideradas pioneiras em regenera\u00e7\u00e3o:<br \/>\n<a href=\"\/pt-pt\/shortlisted\/instituto-mesoamericano-de-permacultura\/\">Instituto Mesoamericano de Permacultura (IMAP)<\/a> (Guatemala)<br \/>\n<a href=\"https:\/\/springprize.org\/shortlisted\/permatil\/\">Permatil<\/a> (Timor-Leste)<\/p>\n<p><strong>O Pr\u00eamio de Influ\u00eancia<\/strong> (50.000 libras esterlinas de premio) h\u00e1 tr\u00eas vencedores que ganharam, cada um, \u00a325.000:<br \/>\n<a href=\"https:\/\/springprize.org\/shortlisted\/fambidzanai-permaculture-centre\/\">Fambidzanai Permaculture Centre<\/a> (Zimb\u00e1bue)<br \/>\n<a href=\"https:\/\/springprize.org\/shortlisted\/gaza-urban-periurban-agriculture-platform\/\">Gaza Urban and Peri-Urban Agriculture Platform (GUPAP)<\/a> (Palestina)<br \/>\n<a href=\"https:\/\/springprize.org\/shortlisted\/landworkers-alliance-2\/\">Landworkers\u2019 Alliance<\/a> (Reino Unido)<\/p>\n<p>&nbsp;<\/p>\n<p><strong>Pr\u00e9mio Sabedoria Ind\u00edgena e Anci\u00e3<\/strong> (10.000 libras esterlinas de premio) foi para tr\u00eas destinat\u00e1rios, um dos quais desejava permanecer an\u00f4nimo :<br \/>\n<a href=\"https:\/\/springprize.org\/shortlisted\/associacao-centro-de-cultura-sabuka-kariri-xoco\/\">Associa\u00e7\u00e3o Centro de Cultura Sabuk\u00e1 Kariri Xoc\u00f3<\/a> (Brasil)<br \/>\n<a href=\"https:\/\/springprize.org\/shortlisted\/marginalized-mirror\/\">The Marginalized Mirror<\/a> (Nam\u00edbia)<\/p>\n<p><strong>Pr\u00e9mio Juventude em Permacultura<\/strong> (10.000 libras esterlinas de premio) foram a quatro organiza\u00e7\u00f5es para homenagear os jovens fazendo uma diferen\u00e7a positiva :<br \/>\n<a href=\"https:\/\/springprize.org\/shortlisted\/education-for-climate-action-for-peace-e4cap-2\/\">Education for Climate Action for Peace (E4CAP)<\/a> (Mal\u00e1sia)<br \/>\n<a href=\"https:\/\/springprize.org\/shortlisted\/malawi-schools-permaculture-clubs-2\/\">Malawi Schools Permaculture Clubs<\/a> (Malau\u00ed)<br \/>\n<a href=\"https:\/\/springprize.org\/shortlisted\/sacha-kuyrana-maltakuna-young-kichwa-defenders-of-the-forest-2\/\">Sacha Kuyrana Maltakuna \u2013 Young Kichwa Defenders of the Forest<\/a> (Equador)<br \/>\n<a href=\"https:\/\/springprize.org\/shortlisted\/scope-kenya\/\">SCOPE Kenya<\/a> (Qu\u00eania)<\/p>\n<p>&nbsp;<\/p>\n","protected":false},"excerpt":{"rendered":"<p>Os Pr\u00e9mios de Spring 2021 foram atribu\u00eddos em seis categorias: Pr\u00e9mio Intencional, Jovem, Estabelecido e Influ\u00eancia, um Pr\u00e9mio Juventude em Permacultura (realizado em parceria com a Abundant Earth Foundation) e um Pr\u00e9mio Sabedoria Ind\u00edgena e Anci\u00e3 (realizado em parceria com a Be The Earth Foundation); investindo mais de \u00a3220.000 em trabalho regenerativo. Quatro projetos rec\u00e9m [&hellip;]<\/p>\n","protected":false},"author":1,"featured_media":0,"parent":0,"menu_order":0,"comment_status":"closed","ping_status":"closed","template":"page-sidebar-content.php","meta":{"_acf_changed":false,"footnotes":""},"class_list":["post-10493","page","type-page","status-publish","hentry"],"acf":[],"yoast_head":"<!-- This site is optimized with the Yoast SEO plugin v27.5 - https:\/\/yoast.com\/product\/yoast-seo-wordpress\/ -->\n<title>Premiados do 2021 - Lush Spring Prize<\/title>\n<meta name=\"description\" content=\"Os Pr\u00e9mios de Spring 2021 foram atribu\u00eddos em seis categorias. Investindo mais de \u00a3220.000 em trabalho regenerativo.\" \/>\n<meta name=\"robots\" content=\"index, follow, max-snippet:-1, max-image-preview:large, max-video-preview:-1\" \/>\n<link rel=\"canonical\" href=\"https:\/\/springprize.org\/pt-pt\/premiados-do-2021\/\" \/>\n<meta property=\"og:locale\" content=\"pt_PT\" \/>\n<meta property=\"og:type\" content=\"article\" \/>\n<meta property=\"og:title\" content=\"Premiados do 2021 - Lush Spring Prize\" \/>\n<meta property=\"og:description\" content=\"Os Pr\u00e9mios de Spring 2021 foram atribu\u00eddos em seis categorias. Investindo mais de \u00a3220.000 em trabalho regenerativo.\" \/>\n<meta property=\"og:url\" content=\"https:\/\/springprize.org\/pt-pt\/premiados-do-2021\/\" \/>\n<meta property=\"og:site_name\" content=\"Lush Spring Prize\" \/>\n<meta property=\"article:publisher\" content=\"https:\/\/www.facebook.com\/lushspringprize\/\" \/>\n<meta property=\"article:modified_time\" content=\"2024-07-18T14:40:01+00:00\" \/>\n<meta property=\"og:image\" content=\"https:\/\/springprize.org\/wp-content\/uploads\/2021\/01\/Lush_Spring_Prize_500-1.jpg\" \/>\n\t<meta property=\"og:image:width\" content=\"500\" \/>\n\t<meta property=\"og:image:height\" content=\"500\" \/>\n\t<meta property=\"og:image:type\" content=\"image\/jpeg\" \/>\n<meta name=\"twitter:card\" content=\"summary_large_image\" \/>\n<meta name=\"twitter:site\" content=\"@lushspringprize\" \/>\n<meta name=\"twitter:label1\" content=\"Tempo estimado de leitura\" \/>\n\t<meta name=\"twitter:data1\" content=\"2 minutos\" \/>\n<script type=\"application\/ld+json\" class=\"yoast-schema-graph\">{\"@context\":\"https:\\\/\\\/schema.org\",\"@graph\":[{\"@type\":\"WebPage\",\"@id\":\"https:\\\/\\\/springprize.org\\\/pt-pt\\\/premiados-do-2021\\\/\",\"url\":\"https:\\\/\\\/springprize.org\\\/pt-pt\\\/premiados-do-2021\\\/\",\"name\":\"Premiados do 2021 - Lush Spring Prize\",\"isPartOf\":{\"@id\":\"https:\\\/\\\/springprize.org\\\/pt-pt\\\/#website\"},\"datePublished\":\"2022-07-19T18:13:01+00:00\",\"dateModified\":\"2024-07-18T14:40:01+00:00\",\"description\":\"Os Pr\u00e9mios de Spring 2021 foram atribu\u00eddos em seis categorias. Investindo mais de \u00a3220.000 em trabalho regenerativo.\",\"breadcrumb\":{\"@id\":\"https:\\\/\\\/springprize.org\\\/pt-pt\\\/premiados-do-2021\\\/#breadcrumb\"},\"inLanguage\":\"pt-PT\",\"potentialAction\":[{\"@type\":\"ReadAction\",\"target\":[\"https:\\\/\\\/springprize.org\\\/pt-pt\\\/premiados-do-2021\\\/\"]}]},{\"@type\":\"BreadcrumbList\",\"@id\":\"https:\\\/\\\/springprize.org\\\/pt-pt\\\/premiados-do-2021\\\/#breadcrumb\",\"itemListElement\":[{\"@type\":\"ListItem\",\"position\":1,\"name\":\"Home\",\"item\":\"https:\\\/\\\/springprize.org\\\/pt-pt\\\/\"},{\"@type\":\"ListItem\",\"position\":2,\"name\":\"Premiados do 2021\"}]},{\"@type\":\"WebSite\",\"@id\":\"https:\\\/\\\/springprize.org\\\/pt-pt\\\/#website\",\"url\":\"https:\\\/\\\/springprize.org\\\/pt-pt\\\/\",\"name\":\"Lush Spring Prize\",\"description\":\"For social and environmental regeneration\",\"publisher\":{\"@id\":\"https:\\\/\\\/springprize.org\\\/pt-pt\\\/#organization\"},\"potentialAction\":[{\"@type\":\"SearchAction\",\"target\":{\"@type\":\"EntryPoint\",\"urlTemplate\":\"https:\\\/\\\/springprize.org\\\/pt-pt\\\/?s={search_term_string}\"},\"query-input\":{\"@type\":\"PropertyValueSpecification\",\"valueRequired\":true,\"valueName\":\"search_term_string\"}}],\"inLanguage\":\"pt-PT\"},{\"@type\":\"Organization\",\"@id\":\"https:\\\/\\\/springprize.org\\\/pt-pt\\\/#organization\",\"name\":\"Lush Spring Prize\",\"url\":\"https:\\\/\\\/springprize.org\\\/pt-pt\\\/\",\"logo\":{\"@type\":\"ImageObject\",\"inLanguage\":\"pt-PT\",\"@id\":\"https:\\\/\\\/springprize.org\\\/pt-pt\\\/#\\\/schema\\\/logo\\\/image\\\/\",\"url\":\"https:\\\/\\\/springprize.org\\\/wp-content\\\/uploads\\\/2021\\\/01\\\/Lush_Spring_Prize_500-1.jpg\",\"contentUrl\":\"https:\\\/\\\/springprize.org\\\/wp-content\\\/uploads\\\/2021\\\/01\\\/Lush_Spring_Prize_500-1.jpg\",\"width\":500,\"height\":500,\"caption\":\"Lush Spring Prize\"},\"image\":{\"@id\":\"https:\\\/\\\/springprize.org\\\/pt-pt\\\/#\\\/schema\\\/logo\\\/image\\\/\"},\"sameAs\":[\"https:\\\/\\\/www.facebook.com\\\/lushspringprize\\\/\",\"https:\\\/\\\/x.com\\\/lushspringprize\"]}]}<\/script>\n<!-- \/ Yoast SEO plugin. -->","yoast_head_json":{"title":"Premiados do 2021 - Lush Spring Prize","description":"Os Pr\u00e9mios de Spring 2021 foram atribu\u00eddos em seis categorias. Investindo mais de \u00a3220.000 em trabalho regenerativo.","robots":{"index":"index","follow":"follow","max-snippet":"max-snippet:-1","max-image-preview":"max-image-preview:large","max-video-preview":"max-video-preview:-1"},"canonical":"https:\/\/springprize.org\/pt-pt\/premiados-do-2021\/","og_locale":"pt_PT","og_type":"article","og_title":"Premiados do 2021 - Lush Spring Prize","og_description":"Os Pr\u00e9mios de Spring 2021 foram atribu\u00eddos em seis categorias. Investindo mais de \u00a3220.000 em trabalho regenerativo.","og_url":"https:\/\/springprize.org\/pt-pt\/premiados-do-2021\/","og_site_name":"Lush Spring Prize","article_publisher":"https:\/\/www.facebook.com\/lushspringprize\/","article_modified_time":"2024-07-18T14:40:01+00:00","og_image":[{"width":500,"height":500,"url":"https:\/\/springprize.org\/wp-content\/uploads\/2021\/01\/Lush_Spring_Prize_500-1.jpg","type":"image\/jpeg"}],"twitter_card":"summary_large_image","twitter_site":"@lushspringprize","twitter_misc":{"Tempo estimado de leitura":"2 minutos"},"schema":{"@context":"https:\/\/schema.org","@graph":[{"@type":"WebPage","@id":"https:\/\/springprize.org\/pt-pt\/premiados-do-2021\/","url":"https:\/\/springprize.org\/pt-pt\/premiados-do-2021\/","name":"Premiados do 2021 - Lush Spring Prize","isPartOf":{"@id":"https:\/\/springprize.org\/pt-pt\/#website"},"datePublished":"2022-07-19T18:13:01+00:00","dateModified":"2024-07-18T14:40:01+00:00","description":"Os Pr\u00e9mios de Spring 2021 foram atribu\u00eddos em seis categorias. Investindo mais de \u00a3220.000 em trabalho regenerativo.","breadcrumb":{"@id":"https:\/\/springprize.org\/pt-pt\/premiados-do-2021\/#breadcrumb"},"inLanguage":"pt-PT","potentialAction":[{"@type":"ReadAction","target":["https:\/\/springprize.org\/pt-pt\/premiados-do-2021\/"]}]},{"@type":"BreadcrumbList","@id":"https:\/\/springprize.org\/pt-pt\/premiados-do-2021\/#breadcrumb","itemListElement":[{"@type":"ListItem","position":1,"name":"Home","item":"https:\/\/springprize.org\/pt-pt\/"},{"@type":"ListItem","position":2,"name":"Premiados do 2021"}]},{"@type":"WebSite","@id":"https:\/\/springprize.org\/pt-pt\/#website","url":"https:\/\/springprize.org\/pt-pt\/","name":"Lush Spring Prize","description":"For social and environmental regeneration","publisher":{"@id":"https:\/\/springprize.org\/pt-pt\/#organization"},"potentialAction":[{"@type":"SearchAction","target":{"@type":"EntryPoint","urlTemplate":"https:\/\/springprize.org\/pt-pt\/?s={search_term_string}"},"query-input":{"@type":"PropertyValueSpecification","valueRequired":true,"valueName":"search_term_string"}}],"inLanguage":"pt-PT"},{"@type":"Organization","@id":"https:\/\/springprize.org\/pt-pt\/#organization","name":"Lush Spring Prize","url":"https:\/\/springprize.org\/pt-pt\/","logo":{"@type":"ImageObject","inLanguage":"pt-PT","@id":"https:\/\/springprize.org\/pt-pt\/#\/schema\/logo\/image\/","url":"https:\/\/springprize.org\/wp-content\/uploads\/2021\/01\/Lush_Spring_Prize_500-1.jpg","contentUrl":"https:\/\/springprize.org\/wp-content\/uploads\/2021\/01\/Lush_Spring_Prize_500-1.jpg","width":500,"height":500,"caption":"Lush Spring Prize"},"image":{"@id":"https:\/\/springprize.org\/pt-pt\/#\/schema\/logo\/image\/"},"sameAs":["https:\/\/www.facebook.com\/lushspringprize\/","https:\/\/x.com\/lushspringprize"]}]}},"_links":{"self":[{"href":"https:\/\/springprize.org\/pt-pt\/wp-json\/wp\/v2\/pages\/10493","targetHints":{"allow":["GET"]}}],"collection":[{"href":"https:\/\/springprize.org\/pt-pt\/wp-json\/wp\/v2\/pages"}],"about":[{"href":"https:\/\/springprize.org\/pt-pt\/wp-json\/wp\/v2\/types\/page"}],"author":[{"embeddable":true,"href":"https:\/\/springprize.org\/pt-pt\/wp-json\/wp\/v2\/users\/1"}],"replies":[{"embeddable":true,"href":"https:\/\/springprize.org\/pt-pt\/wp-json\/wp\/v2\/comments?post=10493"}],"version-history":[{"count":1,"href":"https:\/\/springprize.org\/pt-pt\/wp-json\/wp\/v2\/pages\/10493\/revisions"}],"predecessor-version":[{"id":15125,"href":"https:\/\/springprize.org\/pt-pt\/wp-json\/wp\/v2\/pages\/10493\/revisions\/15125"}],"wp:attachment":[{"href":"https:\/\/springprize.org\/pt-pt\/wp-json\/wp\/v2\/media?parent=10493"}],"curies":[{"name":"wp","href":"https:\/\/api.w.org\/{rel}","templated":true}]}}