{"id":10633,"date":"2022-07-22T13:31:14","date_gmt":"2022-07-22T12:31:14","guid":{"rendered":"https:\/\/springprize.org\/?page_id=10633"},"modified":"2022-09-18T20:02:05","modified_gmt":"2022-09-18T19:02:05","slug":"premios-de-colaboracao","status":"publish","type":"page","link":"https:\/\/springprize.org\/pt-pt\/the-prizes\/premios-de-colaboracao\/","title":{"rendered":"Pr\u00e9mios de colabora\u00e7\u00e3o"},"content":{"rendered":"<p>A Be The Earth Foundation, e a Permaculture Magazine  associaram-se ao Lush Spring Prize 2023 para acrescentar duas<br \/>\npr\u00e9mios de colabora\u00e7\u00e3o: O Pr\u00e9mio Sabedoria Ancestral e Ind\u00edgena, e o Pr\u00e9mio Revista de Permacultura.<\/p>\n<p>O Pr\u00e9mio Sabedoria Ancestral e Ind\u00edgena e o Pr\u00e9mio Revista de Permacultura s\u00e3o financiados separadamente e t\u00eam o seu pr\u00f3prio painel de ju\u00edzes. <\/p>\n<p><strong>As nomea\u00e7\u00f5es para 2023 j\u00e1 est\u00e3o encerradas.<\/strong> A lista de finalistas ser\u00e1 anunciada em Janeiro de 2023. Os premiados ser\u00e3o anunciados em Maio de 2023.<\/p>\n<p>&nbsp;<\/p>\n<h3>Pr\u00e9mio de Sabedoria Ancestral e Ind\u00edgena<\/h3>\n<p><strong>Realizado em parceria com a Be The Earth Foundation<\/strong><\/p>\n<p>Pr\u00e9mio de Sabedoria Ancestral e Ind\u00edgena: para projetos e organiza\u00e7\u00f5es lideradas pelo conhecimento ind\u00edgena e tradicional.<\/p>\n<p>Os vencedores partilham um fundo de pr\u00e9mio de \u00a310.000 (aprox 11,000\u20ac), oferecido pela <a href=\"https:\/\/www.betheearth.foundation\/\">Be The Earth Foundation<\/a>.<\/p>\n<p>&nbsp;<\/p>\n<h3>Pr\u00e9mio Revista de Permacultura<\/h3>\n<p><strong>Realizado em parceria com a Permaculture Magazine.<\/strong><\/p>\n<p>O Pr\u00e9mio Revista Permacultura destina-se a indiv\u00edduos, comunidades, empresas, grupos e organiza\u00e7\u00f5es que demonstrem um trabalho inspirador de permacultura durante tr\u00eas anos ou mais.<br \/>\nProcura projectos de permacultura que estejam a regenerar terras danificadas, a melhorar o habitat e a biodiversidade, a ajudar as pessoas a adquirir compet\u00eancias pr\u00e1ticas e comunit\u00e1rias, a acrescentar valor \u00e0 produ\u00e7\u00e3o e desenvolvimento das economias locais, a construir comunidade, criar conex\u00e3o social e maior resili\u00eancia econ\u00f3mica, modelar novas formas de coopera\u00e7\u00e3o e novos paradigmas culturais.<\/p>\n<p>Os vencedores partilham um fundo de pr\u00e9mio de \u00a315.000 (aprox 16,500\u20ac), oferecido pela <a href=\"https:\/\/www.permaculture.co.uk\/\">Permaculture Magazine<\/a>.<\/p>\n<p>&nbsp;<\/p>\n","protected":false},"excerpt":{"rendered":"<p>A Be The Earth Foundation, e a Permaculture Magazine associaram-se ao Lush Spring Prize 2023 para acrescentar duas pr\u00e9mios de colabora\u00e7\u00e3o: O Pr\u00e9mio Sabedoria Ancestral e Ind\u00edgena, e o Pr\u00e9mio Revista de Permacultura. O Pr\u00e9mio Sabedoria Ancestral e Ind\u00edgena e o Pr\u00e9mio Revista de Permacultura s\u00e3o financiados separadamente e t\u00eam o seu pr\u00f3prio painel de [&hellip;]<\/p>\n","protected":false},"author":1,"featured_media":0,"parent":1796,"menu_order":0,"comment_status":"closed","ping_status":"closed","template":"page-sidebar-content.php","meta":{"_acf_changed":false,"footnotes":""},"class_list":["post-10633","page","type-page","status-publish","hentry"],"acf":[],"yoast_head":"<!-- This site is optimized with the Yoast SEO plugin v27.5 - https:\/\/yoast.com\/product\/yoast-seo-wordpress\/ -->\n<title>Pr\u00e9mios de colabora\u00e7\u00e3o - Lush Spring Prize<\/title>\n<meta name=\"description\" content=\"A Be The Earth Foundation, e a Permaculture Magazine associaram-se ao Lush Spring Prize 2023 para acrescentar duas pr\u00e9mios de colabora\u00e7\u00e3o.\" \/>\n<meta name=\"robots\" content=\"index, follow, max-snippet:-1, max-image-preview:large, max-video-preview:-1\" \/>\n<link rel=\"canonical\" href=\"https:\/\/springprize.org\/pt-pt\/the-prizes\/premios-de-colaboracao\/\" \/>\n<meta property=\"og:locale\" content=\"pt_PT\" \/>\n<meta property=\"og:type\" content=\"article\" \/>\n<meta property=\"og:title\" content=\"Pr\u00e9mios de colabora\u00e7\u00e3o - Lush Spring Prize\" \/>\n<meta property=\"og:description\" content=\"A Be The Earth Foundation, e a Permaculture Magazine associaram-se ao Lush Spring Prize 2023 para acrescentar duas pr\u00e9mios de colabora\u00e7\u00e3o.\" \/>\n<meta property=\"og:url\" content=\"https:\/\/springprize.org\/pt-pt\/the-prizes\/premios-de-colaboracao\/\" \/>\n<meta property=\"og:site_name\" content=\"Lush Spring Prize\" \/>\n<meta property=\"article:publisher\" content=\"https:\/\/www.facebook.com\/lushspringprize\/\" \/>\n<meta property=\"article:modified_time\" content=\"2022-09-18T19:02:05+00:00\" \/>\n<meta property=\"og:image\" content=\"https:\/\/springprize.org\/wp-content\/uploads\/2021\/01\/Lush_Spring_Prize_500-1.jpg\" \/>\n\t<meta property=\"og:image:width\" content=\"500\" \/>\n\t<meta property=\"og:image:height\" content=\"500\" \/>\n\t<meta property=\"og:image:type\" content=\"image\/jpeg\" \/>\n<meta name=\"twitter:card\" content=\"summary_large_image\" \/>\n<meta name=\"twitter:site\" content=\"@lushspringprize\" \/>\n<meta name=\"twitter:label1\" content=\"Tempo estimado de leitura\" \/>\n\t<meta name=\"twitter:data1\" content=\"2 minutos\" \/>\n<script type=\"application\/ld+json\" class=\"yoast-schema-graph\">{\"@context\":\"https:\\\/\\\/schema.org\",\"@graph\":[{\"@type\":\"WebPage\",\"@id\":\"https:\\\/\\\/springprize.org\\\/pt-pt\\\/the-prizes\\\/premios-de-colaboracao\\\/\",\"url\":\"https:\\\/\\\/springprize.org\\\/pt-pt\\\/the-prizes\\\/premios-de-colaboracao\\\/\",\"name\":\"Pr\u00e9mios de colabora\u00e7\u00e3o - Lush Spring Prize\",\"isPartOf\":{\"@id\":\"https:\\\/\\\/springprize.org\\\/pt-pt\\\/#website\"},\"datePublished\":\"2022-07-22T12:31:14+00:00\",\"dateModified\":\"2022-09-18T19:02:05+00:00\",\"description\":\"A Be The Earth Foundation, e a Permaculture Magazine associaram-se ao Lush Spring Prize 2023 para acrescentar duas pr\u00e9mios de colabora\u00e7\u00e3o.\",\"breadcrumb\":{\"@id\":\"https:\\\/\\\/springprize.org\\\/pt-pt\\\/the-prizes\\\/premios-de-colaboracao\\\/#breadcrumb\"},\"inLanguage\":\"pt-PT\",\"potentialAction\":[{\"@type\":\"ReadAction\",\"target\":[\"https:\\\/\\\/springprize.org\\\/pt-pt\\\/the-prizes\\\/premios-de-colaboracao\\\/\"]}]},{\"@type\":\"BreadcrumbList\",\"@id\":\"https:\\\/\\\/springprize.org\\\/pt-pt\\\/the-prizes\\\/premios-de-colaboracao\\\/#breadcrumb\",\"itemListElement\":[{\"@type\":\"ListItem\",\"position\":1,\"name\":\"Home\",\"item\":\"https:\\\/\\\/springprize.org\\\/pt-pt\\\/\"},{\"@type\":\"ListItem\",\"position\":2,\"name\":\"Os Pr\u00eamios\",\"item\":\"https:\\\/\\\/springprize.org\\\/pt-pt\\\/the-prizes\\\/\"},{\"@type\":\"ListItem\",\"position\":3,\"name\":\"Pr\u00e9mios de colabora\u00e7\u00e3o\"}]},{\"@type\":\"WebSite\",\"@id\":\"https:\\\/\\\/springprize.org\\\/pt-pt\\\/#website\",\"url\":\"https:\\\/\\\/springprize.org\\\/pt-pt\\\/\",\"name\":\"Lush Spring Prize\",\"description\":\"For social and environmental regeneration\",\"publisher\":{\"@id\":\"https:\\\/\\\/springprize.org\\\/pt-pt\\\/#organization\"},\"potentialAction\":[{\"@type\":\"SearchAction\",\"target\":{\"@type\":\"EntryPoint\",\"urlTemplate\":\"https:\\\/\\\/springprize.org\\\/pt-pt\\\/?s={search_term_string}\"},\"query-input\":{\"@type\":\"PropertyValueSpecification\",\"valueRequired\":true,\"valueName\":\"search_term_string\"}}],\"inLanguage\":\"pt-PT\"},{\"@type\":\"Organization\",\"@id\":\"https:\\\/\\\/springprize.org\\\/pt-pt\\\/#organization\",\"name\":\"Lush Spring Prize\",\"url\":\"https:\\\/\\\/springprize.org\\\/pt-pt\\\/\",\"logo\":{\"@type\":\"ImageObject\",\"inLanguage\":\"pt-PT\",\"@id\":\"https:\\\/\\\/springprize.org\\\/pt-pt\\\/#\\\/schema\\\/logo\\\/image\\\/\",\"url\":\"https:\\\/\\\/springprize.org\\\/wp-content\\\/uploads\\\/2021\\\/01\\\/Lush_Spring_Prize_500-1.jpg\",\"contentUrl\":\"https:\\\/\\\/springprize.org\\\/wp-content\\\/uploads\\\/2021\\\/01\\\/Lush_Spring_Prize_500-1.jpg\",\"width\":500,\"height\":500,\"caption\":\"Lush Spring Prize\"},\"image\":{\"@id\":\"https:\\\/\\\/springprize.org\\\/pt-pt\\\/#\\\/schema\\\/logo\\\/image\\\/\"},\"sameAs\":[\"https:\\\/\\\/www.facebook.com\\\/lushspringprize\\\/\",\"https:\\\/\\\/x.com\\\/lushspringprize\"]}]}<\/script>\n<!-- \/ Yoast SEO plugin. -->","yoast_head_json":{"title":"Pr\u00e9mios de colabora\u00e7\u00e3o - Lush Spring Prize","description":"A Be The Earth Foundation, e a Permaculture Magazine associaram-se ao Lush Spring Prize 2023 para acrescentar duas pr\u00e9mios de colabora\u00e7\u00e3o.","robots":{"index":"index","follow":"follow","max-snippet":"max-snippet:-1","max-image-preview":"max-image-preview:large","max-video-preview":"max-video-preview:-1"},"canonical":"https:\/\/springprize.org\/pt-pt\/the-prizes\/premios-de-colaboracao\/","og_locale":"pt_PT","og_type":"article","og_title":"Pr\u00e9mios de colabora\u00e7\u00e3o - Lush Spring Prize","og_description":"A Be The Earth Foundation, e a Permaculture Magazine associaram-se ao Lush Spring Prize 2023 para acrescentar duas pr\u00e9mios de colabora\u00e7\u00e3o.","og_url":"https:\/\/springprize.org\/pt-pt\/the-prizes\/premios-de-colaboracao\/","og_site_name":"Lush Spring Prize","article_publisher":"https:\/\/www.facebook.com\/lushspringprize\/","article_modified_time":"2022-09-18T19:02:05+00:00","og_image":[{"width":500,"height":500,"url":"https:\/\/springprize.org\/wp-content\/uploads\/2021\/01\/Lush_Spring_Prize_500-1.jpg","type":"image\/jpeg"}],"twitter_card":"summary_large_image","twitter_site":"@lushspringprize","twitter_misc":{"Tempo estimado de leitura":"2 minutos"},"schema":{"@context":"https:\/\/schema.org","@graph":[{"@type":"WebPage","@id":"https:\/\/springprize.org\/pt-pt\/the-prizes\/premios-de-colaboracao\/","url":"https:\/\/springprize.org\/pt-pt\/the-prizes\/premios-de-colaboracao\/","name":"Pr\u00e9mios de colabora\u00e7\u00e3o - Lush Spring Prize","isPartOf":{"@id":"https:\/\/springprize.org\/pt-pt\/#website"},"datePublished":"2022-07-22T12:31:14+00:00","dateModified":"2022-09-18T19:02:05+00:00","description":"A Be The Earth Foundation, e a Permaculture Magazine associaram-se ao Lush Spring Prize 2023 para acrescentar duas pr\u00e9mios de colabora\u00e7\u00e3o.","breadcrumb":{"@id":"https:\/\/springprize.org\/pt-pt\/the-prizes\/premios-de-colaboracao\/#breadcrumb"},"inLanguage":"pt-PT","potentialAction":[{"@type":"ReadAction","target":["https:\/\/springprize.org\/pt-pt\/the-prizes\/premios-de-colaboracao\/"]}]},{"@type":"BreadcrumbList","@id":"https:\/\/springprize.org\/pt-pt\/the-prizes\/premios-de-colaboracao\/#breadcrumb","itemListElement":[{"@type":"ListItem","position":1,"name":"Home","item":"https:\/\/springprize.org\/pt-pt\/"},{"@type":"ListItem","position":2,"name":"Os Pr\u00eamios","item":"https:\/\/springprize.org\/pt-pt\/the-prizes\/"},{"@type":"ListItem","position":3,"name":"Pr\u00e9mios de colabora\u00e7\u00e3o"}]},{"@type":"WebSite","@id":"https:\/\/springprize.org\/pt-pt\/#website","url":"https:\/\/springprize.org\/pt-pt\/","name":"Lush Spring Prize","description":"For social and environmental regeneration","publisher":{"@id":"https:\/\/springprize.org\/pt-pt\/#organization"},"potentialAction":[{"@type":"SearchAction","target":{"@type":"EntryPoint","urlTemplate":"https:\/\/springprize.org\/pt-pt\/?s={search_term_string}"},"query-input":{"@type":"PropertyValueSpecification","valueRequired":true,"valueName":"search_term_string"}}],"inLanguage":"pt-PT"},{"@type":"Organization","@id":"https:\/\/springprize.org\/pt-pt\/#organization","name":"Lush Spring Prize","url":"https:\/\/springprize.org\/pt-pt\/","logo":{"@type":"ImageObject","inLanguage":"pt-PT","@id":"https:\/\/springprize.org\/pt-pt\/#\/schema\/logo\/image\/","url":"https:\/\/springprize.org\/wp-content\/uploads\/2021\/01\/Lush_Spring_Prize_500-1.jpg","contentUrl":"https:\/\/springprize.org\/wp-content\/uploads\/2021\/01\/Lush_Spring_Prize_500-1.jpg","width":500,"height":500,"caption":"Lush Spring Prize"},"image":{"@id":"https:\/\/springprize.org\/pt-pt\/#\/schema\/logo\/image\/"},"sameAs":["https:\/\/www.facebook.com\/lushspringprize\/","https:\/\/x.com\/lushspringprize"]}]}},"_links":{"self":[{"href":"https:\/\/springprize.org\/pt-pt\/wp-json\/wp\/v2\/pages\/10633","targetHints":{"allow":["GET"]}}],"collection":[{"href":"https:\/\/springprize.org\/pt-pt\/wp-json\/wp\/v2\/pages"}],"about":[{"href":"https:\/\/springprize.org\/pt-pt\/wp-json\/wp\/v2\/types\/page"}],"author":[{"embeddable":true,"href":"https:\/\/springprize.org\/pt-pt\/wp-json\/wp\/v2\/users\/1"}],"replies":[{"embeddable":true,"href":"https:\/\/springprize.org\/pt-pt\/wp-json\/wp\/v2\/comments?post=10633"}],"version-history":[{"count":0,"href":"https:\/\/springprize.org\/pt-pt\/wp-json\/wp\/v2\/pages\/10633\/revisions"}],"up":[{"embeddable":true,"href":"https:\/\/springprize.org\/pt-pt\/wp-json\/wp\/v2\/pages\/1796"}],"wp:attachment":[{"href":"https:\/\/springprize.org\/pt-pt\/wp-json\/wp\/v2\/media?parent=10633"}],"curies":[{"name":"wp","href":"https:\/\/api.w.org\/{rel}","templated":true}]}}